{"id":894,"date":"2023-05-13T16:57:36","date_gmt":"2023-05-13T13:57:36","guid":{"rendered":"https:\/\/erguclumetal.com\/?page_id=894"},"modified":"2023-09-23T11:39:46","modified_gmt":"2023-09-23T08:39:46","slug":"duyurular","status":"publish","type":"page","link":"https:\/\/erguclumetal.com\/?page_id=894","title":{"rendered":"DUYURULAR"},"content":{"rendered":"\n<div class=\"kayanyazilar\">\n<ul>\n<marquee onmouseout=\"this.start()\" onmouseover=\"this.stop()\" scrollamount=\"8\">\n<b><font style=\"font-size: 30px\">CUMARTES\u0130 KAPANI\u015e SAAT\u0130M\u0130Z 15:00 , SON Y\u00dcKLEME 14:30 , SAYIN M\u00dc\u015eTER\u0130LER\u0130M\u0130ZE DUYURULUR !<\/font> \n\n<\/marquee>\n<\/ul>\n<\/div>\n\n\n\n<p><strong>\u00c7al\u0131\u015fma Saatlerimiz \/ KA\u011eITHANE-K\u00dc\u00c7\u00dcKK\u00d6Y \u015eUBE-K\u00dc\u00c7\u00dcKK\u00d6Y DEPO:<\/strong><\/p>\n\n\n<dl class=\"jetpack-business-hours wp-block-jetpack-business-hours has-text-color has-black-color has-background\" style=\"background-color:#4f8ca5; font-size:13px;\"><div class=\"jetpack-business-hours__item\"><dt class=\"Mon\">Pazartesi<\/dt><dd class=\"Mon\">08:00 &#8211; 18:30<\/dd><\/div><div class=\"jetpack-business-hours__item\"><dt class=\"Tue\">Sal\u0131<\/dt><dd class=\"Tue\">08:00 &#8211; 18:30<\/dd><\/div><div class=\"jetpack-business-hours__item\"><dt class=\"Wed\">\u00c7ar\u015famba<\/dt><dd class=\"Wed\">08:00 &#8211; 18:30<\/dd><\/div><div class=\"jetpack-business-hours__item\"><dt class=\"Thu\">Per\u015fembe<\/dt><dd class=\"Thu\">08:00 &#8211; 18:30<\/dd><\/div><div class=\"jetpack-business-hours__item\"><dt class=\"Fri\">Cuma<\/dt><dd class=\"Fri\">08:00 &#8211; 18:30<\/dd><\/div><div class=\"jetpack-business-hours__item\"><dt class=\"Sat\">Cumartesi<\/dt><dd class=\"Sat\">08:00 &#8211; 15:00<\/dd><\/div><div class=\"jetpack-business-hours__item\"><dt class=\"Sun\">Pazar<\/dt><dd class=\"Sun\">Kapal\u0131<\/dd><\/div><\/dl>\n\n\n<p class=\"has-text-align-left\"><strong>\u00c7al\u0131\u015fma Saatlerimiz \/ HADIMK\u00d6Y DEPO:<\/strong><\/p>\n\n\n\n<div class=\"wp-block-group\"><div class=\"wp-block-group__inner-container is-layout-constrained wp-block-group-is-layout-constrained\"><dl class=\"jetpack-business-hours wp-block-jetpack-business-hours has-text-color has-black-color has-background\" style=\"background-color:#3cafa3; font-size:13px;\"><div class=\"jetpack-business-hours__item\"><dt class=\"Mon\">Pazartesi<\/dt><dd class=\"Mon\">07:30 &#8211; 17:30<\/dd><\/div><div class=\"jetpack-business-hours__item\"><dt class=\"Tue\">Sal\u0131<\/dt><dd class=\"Tue\">07:30 &#8211; 17:30<\/dd><\/div><div class=\"jetpack-business-hours__item\"><dt class=\"Wed\">\u00c7ar\u015famba<\/dt><dd class=\"Wed\">07:30 &#8211; 17:30<\/dd><\/div><div class=\"jetpack-business-hours__item\"><dt class=\"Thu\">Per\u015fembe<\/dt><dd class=\"Thu\">07:30 &#8211; 17:30<\/dd><\/div><div class=\"jetpack-business-hours__item\"><dt class=\"Fri\">Cuma<\/dt><dd class=\"Fri\">07:30 &#8211; 17:30<\/dd><\/div><div class=\"jetpack-business-hours__item\"><dt class=\"Sat\">Cumartesi<\/dt><dd class=\"Sat\">07:30 &#8211; 15:00<\/dd><\/div><div class=\"jetpack-business-hours__item\"><dt class=\"Sun\">Pazar<\/dt><dd class=\"Sun\">Kapal\u0131<\/dd><\/div><\/dl><\/div><\/div>\n","protected":false},"excerpt":{"rendered":"<p>CUMARTES\u0130 KAPANI\u015e SAAT\u0130M\u0130Z 15:00 , SON Y\u00dcKLEME 14:30 , SAYIN M\u00dc\u015eTER\u0130LER\u0130M\u0130ZE DUYURULUR ! \u00c7al\u0131\u015fma Saatlerimiz \/ KA\u011eITHANE-K\u00dc\u00c7\u00dcKK\u00d6Y \u015eUBE-K\u00dc\u00c7\u00dcKK\u00d6Y DEPO: \u00c7al\u0131\u015fma Saatlerimiz \/ HADIMK\u00d6Y DEPO:<\/p>\n","protected":false},"author":1,"featured_media":0,"parent":0,"menu_order":0,"comment_status":"closed","ping_status":"closed","template":"","meta":{"_regular_price":[],"currency_symbol":[],"footnotes":""},"class_list":["post-894","page","type-page","status-publish","hentry"],"post_slider_layout_featured_media_urls":{"thumbnail":"","post_slider_layout_landscape_large":"","post_slider_layout_portrait_large":"","post_slider_layout_square_large":"","post_slider_layout_landscape":"","post_slider_layout_portrait":"","post_slider_layout_square":"","full":""},"jetpack_sharing_enabled":true,"_links":{"self":[{"href":"https:\/\/erguclumetal.com\/index.php?rest_route=\/wp\/v2\/pages\/894","targetHints":{"allow":["GET"]}}],"collection":[{"href":"https:\/\/erguclumetal.com\/index.php?rest_route=\/wp\/v2\/pages"}],"about":[{"href":"https:\/\/erguclumetal.com\/index.php?rest_route=\/wp\/v2\/types\/page"}],"author":[{"embeddable":true,"href":"https:\/\/erguclumetal.com\/index.php?rest_route=\/wp\/v2\/users\/1"}],"replies":[{"embeddable":true,"href":"https:\/\/erguclumetal.com\/index.php?rest_route=%2Fwp%2Fv2%2Fcomments&post=894"}],"version-history":[{"count":18,"href":"https:\/\/erguclumetal.com\/index.php?rest_route=\/wp\/v2\/pages\/894\/revisions"}],"predecessor-version":[{"id":964,"href":"https:\/\/erguclumetal.com\/index.php?rest_route=\/wp\/v2\/pages\/894\/revisions\/964"}],"wp:attachment":[{"href":"https:\/\/erguclumetal.com\/index.php?rest_route=%2Fwp%2Fv2%2Fmedia&parent=894"}],"curies":[{"name":"wp","href":"https:\/\/api.w.org\/{rel}","templated":true}]}}