{"id":55,"date":"2022-07-08T22:03:15","date_gmt":"2022-07-08T19:03:15","guid":{"rendered":"http:\/\/erguclumetal.com\/?page_id=55"},"modified":"2022-10-22T12:55:07","modified_gmt":"2022-10-22T09:55:07","slug":"iletisim-2","status":"publish","type":"page","link":"https:\/\/erguclumetal.com\/?page_id=55","title":{"rendered":"\u0130LET\u0130\u015e\u0130M"},"content":{"rendered":"\n<p class=\"has-black-color has-text-color\" style=\"font-size:26px\"><img data-recalc-dims=\"1\" loading=\"lazy\" decoding=\"async\" width=\"80\" height=\"86\" class=\"wp-image-84\" style=\"width: 80px;\" src=\"https:\/\/i0.wp.com\/erguclumetal.com\/wp-content\/uploads\/2022\/07\/mail.png?resize=80%2C86&#038;ssl=1\" alt=\"\" srcset=\"https:\/\/i0.wp.com\/erguclumetal.com\/wp-content\/uploads\/2022\/07\/mail.png?w=560&amp;ssl=1 560w, https:\/\/i0.wp.com\/erguclumetal.com\/wp-content\/uploads\/2022\/07\/mail.png?resize=280%2C300&amp;ssl=1 280w\" sizes=\"auto, (max-width: 80px) 100vw, 80px\" \/>info@erguclumetal.com \/ teklif@erguclumetal.com<\/p>\n\n\n\n<p class=\"has-black-color has-text-color has-normal-font-size\"><strong>KA\u011eITHANE MERKEZ \u015eUBE<\/strong>:<\/p>\n\n\n\n<p>Merkez Mah. Havuzlar Cad. No:1 Ka\u011f\u0131thane- \u0130st.<br><br>Tel:(0212) 294 82 25 (pbx) Fax:(0212) 294 84 79 <\/p>\n\n\n\n<div class=\"wp-block-ive-google-map alignnone ive_google_map_22e928-03\"><div id=\"overlay\" style=\"cursor:pointer\"><\/div><div class=\"ive-google-map__wrap\" id=\"ive-google-map-9622e928-03e7-4cee-8234-ddc07ce0ceb8\"><iframe class=\"ive-google-map__iframe\" src=\"https:\/\/maps.google.com\/maps?q=erg%C3%BC%C3%A7l%C3%BC%20ka%C4%9F%C4%B1thane&amp;t=&amp;z=12&amp;ie=UTF8&amp;iwloc=&amp;output=embed\" style=\"height:300px;width:100%;opacity:1\"><\/iframe><\/div><\/div>\n\n\n\n<p class=\"has-black-color has-text-color has-normal-font-size\"><strong>K\u00dc\u00c7\u00dcKK\u00d6Y \u015eUBE<\/strong>:<\/p>\n\n\n\n<p>Karayollar\u0131 Mah. Hekimsuyu Cad. 559 Sok. No:12 K\u00fc\u00e7\u00fckk\u00f6y-Gaziosmanpa\u015fa- \u0130st.<br><br>Tel:(0212) 535 04 08-09  Fax:(0212) 535 04 10<\/p>\n\n\n\n<div class=\"wp-block-ive-google-map alignnone ive_google_map_0183f7-7e\"><div id=\"overlay\" style=\"cursor:pointer\"><\/div><div class=\"ive-google-map__wrap\" id=\"ive-google-map-390183f7-7e11-4bcd-aedb-f417fa0d99bd\"><iframe class=\"ive-google-map__iframe\" src=\"https:\/\/maps.google.com\/maps?q=erg%C3%BC%C3%A7l%C3%BC%20k%C3%BC%C3%A7%C3%BCkk%C3%B6y&amp;t=&amp;z=12&amp;ie=UTF8&amp;iwloc=&amp;output=embed\" style=\"height:300px;width:100%;opacity:1\"><\/iframe><\/div><\/div>\n\n\n\n<p class=\"has-black-color has-text-color has-normal-font-size\"><strong>K\u00dc\u00c7\u00dcKK\u00d6Y DEPO<\/strong>:<\/p>\n\n\n\n<p>Yeni Mah. Cebeci Cad.  542\/1 Sok. No:7 (Elmabah\u00e7esi)  K\u00fc\u00e7\u00fckk\u00f6y-Gaziosmanpa\u015fa- \u0130st.<br><br>Tel:(0212) 479 29 04  Fax:(0212) 479 29 06<\/p>\n\n\n\n<div class=\"wp-block-ive-google-map alignnone ive_google_map_ba5e89-5e\"><div id=\"overlay\" style=\"cursor:pointer\"><\/div><div class=\"ive-google-map__wrap\" id=\"ive-google-map-7aba5e89-5eef-4ae2-8987-6469689b63e0\"><iframe class=\"ive-google-map__iframe\" src=\"https:\/\/maps.google.com\/maps?q=k%C3%BC%C3%A7%C3%BCkk%C3%B6y%20depo%20542%2F1%20sok%20no%3A7&amp;t=&amp;z=12&amp;ie=UTF8&amp;iwloc=&amp;output=embed\" style=\"height:300px;width:100%;opacity:1\"><\/iframe><\/div><\/div>\n\n\n\n<p class=\"has-black-color has-text-color has-normal-font-size\"><strong>HADIMK\u00d6Y\/DEL\u0130KL\u0130KAYA DEPO<\/strong>:<\/p>\n\n\n\n<p>Deliklikaya Mah. Kitabe Cad. No:1-3  Arnavutk\u00f6y-\u0130st.<\/p>\n\n\n\n<p>Tel:(0212) 843 19 89 &#8211; (0212) 843 17 47<\/p>\n\n\n\n<div class=\"wp-block-ive-google-map alignnone ive_google_map_220949-c1\"><div id=\"overlay\" style=\"cursor:pointer\"><\/div><div class=\"ive-google-map__wrap\" id=\"ive-google-map-de220949-c111-4734-8533-90742c0a94ee\"><iframe class=\"ive-google-map__iframe\" src=\"https:\/\/maps.google.com\/maps?q=erg%C3%BC%C3%A7l%C3%BC%20metal%20deliklikaya%20%C5%9Fube&amp;t=&amp;z=12&amp;ie=UTF8&amp;iwloc=&amp;output=embed\" style=\"height:300px;width:100%;opacity:1\"><\/iframe><\/div><\/div>\n","protected":false},"excerpt":{"rendered":"<p>info@erguclumetal.com \/ teklif@erguclumetal.com KA\u011eITHANE MERKEZ \u015eUBE: Merkez Mah. Havuzlar Cad. No:1 Ka\u011f\u0131thane- \u0130st. Tel:(0212) 294 82 25 (pbx) Fax:(0212) 294 84 79 K\u00dc\u00c7\u00dcKK\u00d6Y \u015eUBE: Karayollar\u0131<span class=\"more-button\"><a href=\"https:\/\/erguclumetal.com\/?page_id=55\" class=\"more-link\">Continue reading<span class=\"screen-reader-text\">\u0130LET\u0130\u015e\u0130M<\/span><\/a><\/span><\/p>\n","protected":false},"author":1,"featured_media":0,"parent":0,"menu_order":0,"comment_status":"closed","ping_status":"closed","template":"","meta":{"_regular_price":[],"currency_symbol":[],"footnotes":""},"class_list":["post-55","page","type-page","status-publish","hentry"],"post_slider_layout_featured_media_urls":{"thumbnail":"","post_slider_layout_landscape_large":"","post_slider_layout_portrait_large":"","post_slider_layout_square_large":"","post_slider_layout_landscape":"","post_slider_layout_portrait":"","post_slider_layout_square":"","full":""},"jetpack_sharing_enabled":true,"_links":{"self":[{"href":"https:\/\/erguclumetal.com\/index.php?rest_route=\/wp\/v2\/pages\/55","targetHints":{"allow":["GET"]}}],"collection":[{"href":"https:\/\/erguclumetal.com\/index.php?rest_route=\/wp\/v2\/pages"}],"about":[{"href":"https:\/\/erguclumetal.com\/index.php?rest_route=\/wp\/v2\/types\/page"}],"author":[{"embeddable":true,"href":"https:\/\/erguclumetal.com\/index.php?rest_route=\/wp\/v2\/users\/1"}],"replies":[{"embeddable":true,"href":"https:\/\/erguclumetal.com\/index.php?rest_route=%2Fwp%2Fv2%2Fcomments&post=55"}],"version-history":[{"count":11,"href":"https:\/\/erguclumetal.com\/index.php?rest_route=\/wp\/v2\/pages\/55\/revisions"}],"predecessor-version":[{"id":770,"href":"https:\/\/erguclumetal.com\/index.php?rest_route=\/wp\/v2\/pages\/55\/revisions\/770"}],"wp:attachment":[{"href":"https:\/\/erguclumetal.com\/index.php?rest_route=%2Fwp%2Fv2%2Fmedia&parent=55"}],"curies":[{"name":"wp","href":"https:\/\/api.w.org\/{rel}","templated":true}]}}