{"id":54,"date":"2022-07-08T22:03:14","date_gmt":"2022-07-08T19:03:14","guid":{"rendered":"http:\/\/erguclumetal.com\/?page_id=54"},"modified":"2023-05-24T11:29:33","modified_gmt":"2023-05-24T08:29:33","slug":"anasayfa-1","status":"publish","type":"page","link":"https:\/\/erguclumetal.com\/","title":{"rendered":"ANASAYFA"},"content":{"rendered":"<p class=\"wp-block-site-tagline has-text-color has-black-color has-large-font-size\">Ho\u015f geldiniz, Sekt\u00f6rde 30.Y\u0131l \ud83e\uddff<\/p>\n\n\n<div class=\"kayanyazilar\">\n<ul>\n<marquee onmouseout=\"this.start()\" onmouseover=\"this.stop()\" scrollamount=\"8\">\n<b><font style=\"font-size: 30px\">CUMARTES\u0130 KAPANI\u015e SAAT\u0130M\u0130Z 15:00 , SON Y\u00dcKLEME 14:30 , SAYIN M\u00dc\u015eTER\u0130LER\u0130M\u0130ZE DUYURULUR !<\/font> \n\n<\/marquee>\n<\/ul>\n<\/div>\n\n\n\n<p class=\"has-black-color has-text-color\" style=\"font-size:26px\"><img data-recalc-dims=\"1\" loading=\"lazy\" decoding=\"async\" width=\"70\" height=\"75\" class=\"wp-image-84\" style=\"width: 70px;\" src=\"https:\/\/i0.wp.com\/erguclumetal.com\/wp-content\/uploads\/2022\/07\/mail.png?resize=70%2C75&#038;ssl=1\" alt=\"\" srcset=\"https:\/\/i0.wp.com\/erguclumetal.com\/wp-content\/uploads\/2022\/07\/mail.png?w=560&amp;ssl=1 560w, https:\/\/i0.wp.com\/erguclumetal.com\/wp-content\/uploads\/2022\/07\/mail.png?resize=280%2C300&amp;ssl=1 280w\" sizes=\"auto, (max-width: 70px) 100vw, 70px\" \/>info@erguclumetal.com \/ teklif@erguclumetal.com<\/p>\n\n\n\n<div class=\"wp-block-file alignleft\"><a id=\"wp-block-file--media-492313e1-b241-47ab-8706-af0c456deaee\" href=\"https:\/\/erguclumetal.com\/wp-content\/uploads\/2022\/07\/ERGUCLU-METAL-KVK-AYDINLATMA-METNI.pdf\"><strong>ERGUCLU METAL KVK-AYDINLATMA-METNI<\/strong> <img data-recalc-dims=\"1\" loading=\"lazy\" decoding=\"async\" width=\"46\" height=\"58\" class=\"wp-image-50\" style=\"width: 46px;\" src=\"https:\/\/i0.wp.com\/erguclumetal.com\/wp-content\/uploads\/2022\/07\/pdf.png?resize=46%2C58&#038;ssl=1\" alt=\"\"><\/a><a href=\"https:\/\/erguclumetal.com\/wp-content\/uploads\/2022\/07\/ERGUCLU-METAL-KVK-AYDINLATMA-METNI.pdf\" class=\"wp-block-file__button wp-element-button\" download aria-describedby=\"wp-block-file--media-492313e1-b241-47ab-8706-af0c456deaee\">\u0130ndir<\/a><\/div>\n\n\n\n<div class=\"wp-block-file\"><a id=\"wp-block-file--media-cfda1123-9c13-41a6-82f9-5ca2e997030b\" href=\"https:\/\/erguclumetal.com\/wp-content\/uploads\/2022\/07\/ERGUCLU-METAL-KVK-POLITIKASI.pdf\"><strong>ERGUCLU METAL KVK-POLITIKASI <img data-recalc-dims=\"1\" loading=\"lazy\" decoding=\"async\" width=\"46\" height=\"58\" class=\"wp-image-50\" style=\"width: 46px;\" src=\"https:\/\/i0.wp.com\/erguclumetal.com\/wp-content\/uploads\/2022\/07\/pdf.png?resize=46%2C58&#038;ssl=1\" alt=\"\"> <\/strong><\/a><a href=\"https:\/\/erguclumetal.com\/wp-content\/uploads\/2022\/07\/ERGUCLU-METAL-KVK-POLITIKASI.pdf\" class=\"wp-block-file__button wp-element-button\" download aria-describedby=\"wp-block-file--media-cfda1123-9c13-41a6-82f9-5ca2e997030b\">\u0130ndir<\/a><\/div>\n","protected":false},"excerpt":{"rendered":"<p>CUMARTES\u0130 KAPANI\u015e SAAT\u0130M\u0130Z 15:00 , SON Y\u00dcKLEME 14:30 , SAYIN M\u00dc\u015eTER\u0130LER\u0130M\u0130ZE DUYURULUR ! info@erguclumetal.com \/ teklif@erguclumetal.com<\/p>\n","protected":false},"author":1,"featured_media":0,"parent":0,"menu_order":0,"comment_status":"closed","ping_status":"closed","template":"templates\/full-width-page.php","meta":{"_regular_price":[],"currency_symbol":[],"footnotes":""},"class_list":["post-54","page","type-page","status-publish","hentry"],"post_slider_layout_featured_media_urls":{"thumbnail":"","post_slider_layout_landscape_large":"","post_slider_layout_portrait_large":"","post_slider_layout_square_large":"","post_slider_layout_landscape":"","post_slider_layout_portrait":"","post_slider_layout_square":"","full":""},"jetpack_sharing_enabled":true,"_links":{"self":[{"href":"https:\/\/erguclumetal.com\/index.php?rest_route=\/wp\/v2\/pages\/54","targetHints":{"allow":["GET"]}}],"collection":[{"href":"https:\/\/erguclumetal.com\/index.php?rest_route=\/wp\/v2\/pages"}],"about":[{"href":"https:\/\/erguclumetal.com\/index.php?rest_route=\/wp\/v2\/types\/page"}],"author":[{"embeddable":true,"href":"https:\/\/erguclumetal.com\/index.php?rest_route=\/wp\/v2\/users\/1"}],"replies":[{"embeddable":true,"href":"https:\/\/erguclumetal.com\/index.php?rest_route=%2Fwp%2Fv2%2Fcomments&post=54"}],"version-history":[{"count":19,"href":"https:\/\/erguclumetal.com\/index.php?rest_route=\/wp\/v2\/pages\/54\/revisions"}],"predecessor-version":[{"id":949,"href":"https:\/\/erguclumetal.com\/index.php?rest_route=\/wp\/v2\/pages\/54\/revisions\/949"}],"wp:attachment":[{"href":"https:\/\/erguclumetal.com\/index.php?rest_route=%2Fwp%2Fv2%2Fmedia&parent=54"}],"curies":[{"name":"wp","href":"https:\/\/api.w.org\/{rel}","templated":true}]}}