{"id":390,"date":"2022-07-27T11:29:43","date_gmt":"2022-07-27T08:29:43","guid":{"rendered":"http:\/\/erguclumetal.com\/?page_id=390"},"modified":"2024-10-04T13:39:48","modified_gmt":"2024-10-04T10:39:48","slug":"fiyat-bilgisi","status":"publish","type":"page","link":"https:\/\/erguclumetal.com\/?page_id=390","title":{"rendered":"F\u0130YAT B\u0130LG\u0130S\u0130"},"content":{"rendered":"\n<div class=\"wp-block-file\"><a id=\"wp-block-file--media-799917f6-5d19-45e4-a825-5582257f1fb1\" href=\"https:\/\/erguclumetal.com\/wp-content\/uploads\/2024\/01\/YUCEL-BORU-FIYAT-LISTESI-13.01.2024.pdf\"><strong>YUCEL-BORU-FIYAT-LISTESI-13.01.2024<\/strong><\/a><a href=\"https:\/\/erguclumetal.com\/wp-content\/uploads\/2024\/01\/YUCEL-BORU-FIYAT-LISTESI-13.01.2024.pdf\" class=\"wp-block-file__button wp-element-button\" download aria-describedby=\"wp-block-file--media-799917f6-5d19-45e4-a825-5582257f1fb1\">\u0130ndir<\/a><\/div>\n\n\n\n<div class=\"wp-block-file\"><a id=\"wp-block-file--media-6ada5739-e470-4c42-a087-dde498a2577c\" href=\"https:\/\/erguclumetal.com\/wp-content\/uploads\/2023\/06\/FIYAT-UYARI.pdf\"><strong>FIYAT-UYARI<\/strong><\/a><a href=\"https:\/\/erguclumetal.com\/wp-content\/uploads\/2023\/06\/FIYAT-UYARI.pdf\" class=\"wp-block-file__button wp-element-button\" download aria-describedby=\"wp-block-file--media-6ada5739-e470-4c42-a087-dde498a2577c\">\u0130ndir<\/a><\/div>\n\n\n\n<div class=\"wp-block-file\"><a id=\"wp-block-file--media-973bef65-05a0-4004-9327-d1f6a7075430\" href=\"https:\/\/erguclumetal.com\/wp-content\/uploads\/2024\/10\/FIYAT-UYARI.pdf\"><strong>F\u0130YAT UYARI<\/strong><\/a><a href=\"https:\/\/erguclumetal.com\/wp-content\/uploads\/2024\/10\/FIYAT-UYARI.pdf\" class=\"wp-block-file__button wp-element-button\" download aria-describedby=\"wp-block-file--media-973bef65-05a0-4004-9327-d1f6a7075430\">\u0130ndir<\/a><\/div>\n\n\n\n<hr class=\"wp-block-separator has-alpha-channel-opacity is-style-wide\"\/>\n\n\n\n<p class=\"has-black-color has-text-color\" style=\"font-size:24px\"><em>G\u00fcncel \u0130skonto ve Fiyat Bilgisi Almak \u0130\u00e7in L\u00fctfen Sat\u0131\u015f Dan\u0131\u015fmanlar\u0131m\u0131z \u0130le \u0130rtibata Ge\u00e7iniz&#8230;<\/em><\/p>\n\n\n\n<figure class=\"wp-block-image alignfull size-full\"><img data-recalc-dims=\"1\" loading=\"lazy\" decoding=\"async\" width=\"1040\" height=\"382\" src=\"https:\/\/i0.wp.com\/erguclumetal.com\/wp-content\/uploads\/2022\/09\/TABLO-2.png?resize=1040%2C382&#038;ssl=1\" alt=\"\" class=\"wp-image-726\" srcset=\"https:\/\/i0.wp.com\/erguclumetal.com\/wp-content\/uploads\/2022\/09\/TABLO-2.png?w=1780&amp;ssl=1 1780w, https:\/\/i0.wp.com\/erguclumetal.com\/wp-content\/uploads\/2022\/09\/TABLO-2.png?resize=300%2C110&amp;ssl=1 300w, https:\/\/i0.wp.com\/erguclumetal.com\/wp-content\/uploads\/2022\/09\/TABLO-2.png?resize=1024%2C376&amp;ssl=1 1024w, https:\/\/i0.wp.com\/erguclumetal.com\/wp-content\/uploads\/2022\/09\/TABLO-2.png?resize=768%2C282&amp;ssl=1 768w, https:\/\/i0.wp.com\/erguclumetal.com\/wp-content\/uploads\/2022\/09\/TABLO-2.png?resize=1536%2C563&amp;ssl=1 1536w\" sizes=\"auto, (max-width: 1040px) 100vw, 1040px\" \/><\/figure>\n","protected":false},"excerpt":{"rendered":"<p>G\u00fcncel \u0130skonto ve Fiyat Bilgisi Almak \u0130\u00e7in L\u00fctfen Sat\u0131\u015f Dan\u0131\u015fmanlar\u0131m\u0131z \u0130le \u0130rtibata Ge\u00e7iniz&#8230;<\/p>\n","protected":false},"author":1,"featured_media":0,"parent":0,"menu_order":0,"comment_status":"closed","ping_status":"closed","template":"templates\/full-width-page.php","meta":{"_regular_price":[],"currency_symbol":[],"footnotes":""},"class_list":["post-390","page","type-page","status-publish","hentry"],"post_slider_layout_featured_media_urls":{"thumbnail":"","post_slider_layout_landscape_large":"","post_slider_layout_portrait_large":"","post_slider_layout_square_large":"","post_slider_layout_landscape":"","post_slider_layout_portrait":"","post_slider_layout_square":"","full":""},"jetpack_sharing_enabled":true,"_links":{"self":[{"href":"https:\/\/erguclumetal.com\/index.php?rest_route=\/wp\/v2\/pages\/390","targetHints":{"allow":["GET"]}}],"collection":[{"href":"https:\/\/erguclumetal.com\/index.php?rest_route=\/wp\/v2\/pages"}],"about":[{"href":"https:\/\/erguclumetal.com\/index.php?rest_route=\/wp\/v2\/types\/page"}],"author":[{"embeddable":true,"href":"https:\/\/erguclumetal.com\/index.php?rest_route=\/wp\/v2\/users\/1"}],"replies":[{"embeddable":true,"href":"https:\/\/erguclumetal.com\/index.php?rest_route=%2Fwp%2Fv2%2Fcomments&post=390"}],"version-history":[{"count":78,"href":"https:\/\/erguclumetal.com\/index.php?rest_route=\/wp\/v2\/pages\/390\/revisions"}],"predecessor-version":[{"id":1013,"href":"https:\/\/erguclumetal.com\/index.php?rest_route=\/wp\/v2\/pages\/390\/revisions\/1013"}],"wp:attachment":[{"href":"https:\/\/erguclumetal.com\/index.php?rest_route=%2Fwp%2Fv2%2Fmedia&parent=390"}],"curies":[{"name":"wp","href":"https:\/\/api.w.org\/{rel}","templated":true}]}}