{"id":13,"date":"2022-07-08T21:36:57","date_gmt":"2022-07-08T18:36:57","guid":{"rendered":"http:\/\/erguclumetal.com\/?page_id=13"},"modified":"2022-08-30T16:30:21","modified_gmt":"2022-08-30T13:30:21","slug":"kurumsal","status":"publish","type":"page","link":"https:\/\/erguclumetal.com\/?page_id=13","title":{"rendered":"KURUMSAL"},"content":{"rendered":"\n<p class=\"has-black-color has-yellow-background-color has-text-color has-background\" style=\"font-size:24px\">Unvan: ERG\u00dc\u00c7L\u00dc METAL VE GIDA SANAY\u0130 VE T\u0130CARET L\u0130M\u0130TED \u015e\u0130RKET\u0130<\/p>\n\n\n\n<p class=\"has-black-color has-yellow-background-color has-text-color has-background\" style=\"font-size:24px\">Vergi Dairesi : KA\u011eITHANE<\/p>\n\n\n\n<p class=\"has-black-color has-yellow-background-color has-text-color has-background\" style=\"font-size:24px\">Vergi No: 357 005 0778<\/p>\n\n\n\n<p class=\"has-black-color has-yellow-background-color has-text-color has-background\" style=\"font-size:24px\">Mersis No:0357005077800013<\/p>\n\n\n\n<p class=\"has-black-color has-yellow-background-color has-text-color has-background\" style=\"font-size:24px\">Nace Kodu: 46.72.08 Demir\/\u00e7elikten haddelenmi\u015f\/so\u011fuk \u00e7ekilmi\u015f yass\u0131 \u00fcr\u00fcnlerin toptan ticareti<\/p>\n\n\n\n<p><\/p>\n","protected":false},"excerpt":{"rendered":"<p>Unvan: ERG\u00dc\u00c7L\u00dc METAL VE GIDA SANAY\u0130 VE T\u0130CARET L\u0130M\u0130TED \u015e\u0130RKET\u0130 Vergi Dairesi : KA\u011eITHANE Vergi No: 357 005 0778 Mersis No:0357005077800013 Nace Kodu: 46.72.08 Demir\/\u00e7elikten<span class=\"more-button\"><a href=\"https:\/\/erguclumetal.com\/?page_id=13\" class=\"more-link\">Continue reading<span class=\"screen-reader-text\">KURUMSAL<\/span><\/a><\/span><\/p>\n","protected":false},"author":1,"featured_media":0,"parent":0,"menu_order":0,"comment_status":"closed","ping_status":"closed","template":"","meta":{"_regular_price":[],"currency_symbol":[],"footnotes":""},"class_list":["post-13","page","type-page","status-publish","hentry"],"post_slider_layout_featured_media_urls":{"thumbnail":"","post_slider_layout_landscape_large":"","post_slider_layout_portrait_large":"","post_slider_layout_square_large":"","post_slider_layout_landscape":"","post_slider_layout_portrait":"","post_slider_layout_square":"","full":""},"jetpack_sharing_enabled":true,"_links":{"self":[{"href":"https:\/\/erguclumetal.com\/index.php?rest_route=\/wp\/v2\/pages\/13","targetHints":{"allow":["GET"]}}],"collection":[{"href":"https:\/\/erguclumetal.com\/index.php?rest_route=\/wp\/v2\/pages"}],"about":[{"href":"https:\/\/erguclumetal.com\/index.php?rest_route=\/wp\/v2\/types\/page"}],"author":[{"embeddable":true,"href":"https:\/\/erguclumetal.com\/index.php?rest_route=\/wp\/v2\/users\/1"}],"replies":[{"embeddable":true,"href":"https:\/\/erguclumetal.com\/index.php?rest_route=%2Fwp%2Fv2%2Fcomments&post=13"}],"version-history":[{"count":3,"href":"https:\/\/erguclumetal.com\/index.php?rest_route=\/wp\/v2\/pages\/13\/revisions"}],"predecessor-version":[{"id":181,"href":"https:\/\/erguclumetal.com\/index.php?rest_route=\/wp\/v2\/pages\/13\/revisions\/181"}],"wp:attachment":[{"href":"https:\/\/erguclumetal.com\/index.php?rest_route=%2Fwp%2Fv2%2Fmedia&parent=13"}],"curies":[{"name":"wp","href":"https:\/\/api.w.org\/{rel}","templated":true}]}}